{"id":581,"date":"2019-06-25T11:26:04","date_gmt":"2019-06-25T15:26:04","guid":{"rendered":"https:\/\/massonltd.com\/?page_id=581"},"modified":"2019-08-09T14:38:12","modified_gmt":"2019-08-09T18:38:12","slug":"contactez-nous","status":"publish","type":"page","link":"https:\/\/massonltd.com\/fr\/contactez-nous\/","title":{"rendered":"Contact"},"content":{"rendered":"","protected":false},"excerpt":{"rendered":"","protected":false},"author":1,"featured_media":64,"parent":0,"menu_order":0,"comment_status":"closed","ping_status":"closed","template":"template-contact.php","meta":{"footnotes":""},"yoast_head":"<!-- This site is optimized with the Yoast SEO plugin v22.5 - https:\/\/yoast.com\/wordpress\/plugins\/seo\/ -->\n<title>Contactez Masson Ltd d\u00e8s aujourd&#039;hui !<\/title>\n<meta name=\"description\" content=\"Prenez contact avec nous ici et d\u00e9couvrez o\u00f9 se trouvent nos bureaux.\" \/>\n<meta name=\"robots\" content=\"index, follow, max-snippet:-1, max-image-preview:large, max-video-preview:-1\" \/>\n<link rel=\"canonical\" href=\"https:\/\/massonltd.com\/fr\/contactez-nous\/\" \/>\n<meta property=\"og:locale\" content=\"fr_FR\" \/>\n<meta property=\"og:type\" content=\"article\" \/>\n<meta property=\"og:title\" content=\"Contactez Masson Ltd d\u00e8s aujourd&#039;hui !\" \/>\n<meta property=\"og:description\" content=\"Prenez contact avec nous ici et d\u00e9couvrez o\u00f9 se trouvent nos bureaux.\" \/>\n<meta property=\"og:url\" content=\"https:\/\/massonltd.com\/fr\/contactez-nous\/\" \/>\n<meta property=\"og:site_name\" content=\"Masson\" \/>\n<meta property=\"article:modified_time\" content=\"2019-08-09T18:38:12+00:00\" \/>\n<meta property=\"og:image\" content=\"https:\/\/massonltd.com\/wp-content\/uploads\/2019\/03\/masson_contact_bg.jpg\" \/>\n\t<meta property=\"og:image:width\" content=\"1200\" \/>\n\t<meta property=\"og:image:height\" content=\"801\" \/>\n\t<meta property=\"og:image:type\" content=\"image\/jpeg\" \/>\n<meta name=\"twitter:card\" content=\"summary_large_image\" \/>\n<script type=\"application\/ld+json\" class=\"yoast-schema-graph\">{\"@context\":\"https:\/\/schema.org\",\"@graph\":[{\"@type\":\"WebPage\",\"@id\":\"https:\/\/massonltd.com\/fr\/contactez-nous\/\",\"url\":\"https:\/\/massonltd.com\/fr\/contactez-nous\/\",\"name\":\"Contactez Masson Ltd d\u00e8s aujourd'hui !\",\"isPartOf\":{\"@id\":\"https:\/\/massonltd.com\/fr\/#website\"},\"primaryImageOfPage\":{\"@id\":\"https:\/\/massonltd.com\/fr\/contactez-nous\/#primaryimage\"},\"image\":{\"@id\":\"https:\/\/massonltd.com\/fr\/contactez-nous\/#primaryimage\"},\"thumbnailUrl\":\"https:\/\/massonltd.com\/wp-content\/uploads\/2019\/03\/masson_contact_bg.jpg\",\"datePublished\":\"2019-06-25T15:26:04+00:00\",\"dateModified\":\"2019-08-09T18:38:12+00:00\",\"description\":\"Prenez contact avec nous ici et d\u00e9couvrez o\u00f9 se trouvent nos bureaux.\",\"breadcrumb\":{\"@id\":\"https:\/\/massonltd.com\/fr\/contactez-nous\/#breadcrumb\"},\"inLanguage\":\"fr-FR\",\"potentialAction\":[{\"@type\":\"ReadAction\",\"target\":[\"https:\/\/massonltd.com\/fr\/contactez-nous\/\"]}]},{\"@type\":\"ImageObject\",\"inLanguage\":\"fr-FR\",\"@id\":\"https:\/\/massonltd.com\/fr\/contactez-nous\/#primaryimage\",\"url\":\"https:\/\/massonltd.com\/wp-content\/uploads\/2019\/03\/masson_contact_bg.jpg\",\"contentUrl\":\"https:\/\/massonltd.com\/wp-content\/uploads\/2019\/03\/masson_contact_bg.jpg\",\"width\":1200,\"height\":801,\"caption\":\"Masson Contact Background\"},{\"@type\":\"BreadcrumbList\",\"@id\":\"https:\/\/massonltd.com\/fr\/contactez-nous\/#breadcrumb\",\"itemListElement\":[{\"@type\":\"ListItem\",\"position\":1,\"name\":\"Home\",\"item\":\"https:\/\/massonltd.com\/fr\/\"},{\"@type\":\"ListItem\",\"position\":2,\"name\":\"Contact\"}]},{\"@type\":\"WebSite\",\"@id\":\"https:\/\/massonltd.com\/fr\/#website\",\"url\":\"https:\/\/massonltd.com\/fr\/\",\"name\":\"Masson\",\"description\":\"\",\"potentialAction\":[{\"@type\":\"SearchAction\",\"target\":{\"@type\":\"EntryPoint\",\"urlTemplate\":\"https:\/\/massonltd.com\/fr\/?s={search_term_string}\"},\"query-input\":\"required name=search_term_string\"}],\"inLanguage\":\"fr-FR\"}]}<\/script>\n<!-- \/ Yoast SEO plugin. -->","yoast_head_json":{"title":"Contactez Masson Ltd d\u00e8s aujourd'hui !","description":"Prenez contact avec nous ici et d\u00e9couvrez o\u00f9 se trouvent nos bureaux.","robots":{"index":"index","follow":"follow","max-snippet":"max-snippet:-1","max-image-preview":"max-image-preview:large","max-video-preview":"max-video-preview:-1"},"canonical":"https:\/\/massonltd.com\/fr\/contactez-nous\/","og_locale":"fr_FR","og_type":"article","og_title":"Contactez Masson Ltd d\u00e8s aujourd'hui !","og_description":"Prenez contact avec nous ici et d\u00e9couvrez o\u00f9 se trouvent nos bureaux.","og_url":"https:\/\/massonltd.com\/fr\/contactez-nous\/","og_site_name":"Masson","article_modified_time":"2019-08-09T18:38:12+00:00","og_image":[{"width":1200,"height":801,"url":"https:\/\/massonltd.com\/wp-content\/uploads\/2019\/03\/masson_contact_bg.jpg","type":"image\/jpeg"}],"twitter_card":"summary_large_image","schema":{"@context":"https:\/\/schema.org","@graph":[{"@type":"WebPage","@id":"https:\/\/massonltd.com\/fr\/contactez-nous\/","url":"https:\/\/massonltd.com\/fr\/contactez-nous\/","name":"Contactez Masson Ltd d\u00e8s aujourd'hui !","isPartOf":{"@id":"https:\/\/massonltd.com\/fr\/#website"},"primaryImageOfPage":{"@id":"https:\/\/massonltd.com\/fr\/contactez-nous\/#primaryimage"},"image":{"@id":"https:\/\/massonltd.com\/fr\/contactez-nous\/#primaryimage"},"thumbnailUrl":"https:\/\/massonltd.com\/wp-content\/uploads\/2019\/03\/masson_contact_bg.jpg","datePublished":"2019-06-25T15:26:04+00:00","dateModified":"2019-08-09T18:38:12+00:00","description":"Prenez contact avec nous ici et d\u00e9couvrez o\u00f9 se trouvent nos bureaux.","breadcrumb":{"@id":"https:\/\/massonltd.com\/fr\/contactez-nous\/#breadcrumb"},"inLanguage":"fr-FR","potentialAction":[{"@type":"ReadAction","target":["https:\/\/massonltd.com\/fr\/contactez-nous\/"]}]},{"@type":"ImageObject","inLanguage":"fr-FR","@id":"https:\/\/massonltd.com\/fr\/contactez-nous\/#primaryimage","url":"https:\/\/massonltd.com\/wp-content\/uploads\/2019\/03\/masson_contact_bg.jpg","contentUrl":"https:\/\/massonltd.com\/wp-content\/uploads\/2019\/03\/masson_contact_bg.jpg","width":1200,"height":801,"caption":"Masson Contact Background"},{"@type":"BreadcrumbList","@id":"https:\/\/massonltd.com\/fr\/contactez-nous\/#breadcrumb","itemListElement":[{"@type":"ListItem","position":1,"name":"Home","item":"https:\/\/massonltd.com\/fr\/"},{"@type":"ListItem","position":2,"name":"Contact"}]},{"@type":"WebSite","@id":"https:\/\/massonltd.com\/fr\/#website","url":"https:\/\/massonltd.com\/fr\/","name":"Masson","description":"","potentialAction":[{"@type":"SearchAction","target":{"@type":"EntryPoint","urlTemplate":"https:\/\/massonltd.com\/fr\/?s={search_term_string}"},"query-input":"required name=search_term_string"}],"inLanguage":"fr-FR"}]}},"_links":{"self":[{"href":"https:\/\/massonltd.com\/fr\/wp-json\/wp\/v2\/pages\/581"}],"collection":[{"href":"https:\/\/massonltd.com\/fr\/wp-json\/wp\/v2\/pages"}],"about":[{"href":"https:\/\/massonltd.com\/fr\/wp-json\/wp\/v2\/types\/page"}],"author":[{"embeddable":true,"href":"https:\/\/massonltd.com\/fr\/wp-json\/wp\/v2\/users\/1"}],"replies":[{"embeddable":true,"href":"https:\/\/massonltd.com\/fr\/wp-json\/wp\/v2\/comments?post=581"}],"version-history":[{"count":9,"href":"https:\/\/massonltd.com\/fr\/wp-json\/wp\/v2\/pages\/581\/revisions"}],"predecessor-version":[{"id":922,"href":"https:\/\/massonltd.com\/fr\/wp-json\/wp\/v2\/pages\/581\/revisions\/922"}],"wp:featuredmedia":[{"embeddable":true,"href":"https:\/\/massonltd.com\/fr\/wp-json\/wp\/v2\/media\/64"}],"wp:attachment":[{"href":"https:\/\/massonltd.com\/fr\/wp-json\/wp\/v2\/media?parent=581"}],"curies":[{"name":"wp","href":"https:\/\/api.w.org\/{rel}","templated":true}]}}